{"id":1357,"date":"2021-12-24T12:23:45","date_gmt":"2021-12-24T12:23:45","guid":{"rendered":"https:\/\/nousavonsvendu.viweblocal.ca\/?page_id=1357"},"modified":"2023-09-01T11:39:04","modified_gmt":"2023-09-01T11:39:04","slug":"xxxx","status":"publish","type":"page","link":"https:\/\/nousavonsvendu.com\/en\/","title":{"rendered":"Home"},"content":{"rendered":"","protected":false},"excerpt":{"rendered":"","protected":false},"author":1,"featured_media":59386,"parent":0,"menu_order":0,"comment_status":"closed","ping_status":"closed","template":"template-parts\/home.php","meta":{"_acf_changed":false,"footnotes":""},"class_list":["post-1357","page","type-page","status-publish","has-post-thumbnail","hentry"],"acf":[],"yoast_head":"<!-- This site is optimized with the Yoast SEO plugin v27.4 - https:\/\/yoast.com\/product\/yoast-seo-wordpress\/ -->\n<title>Home - Proprio Direct<\/title>\n<meta name=\"robots\" content=\"index, follow, max-snippet:-1, max-image-preview:large, max-video-preview:-1\" \/>\n<link rel=\"canonical\" href=\"https:\/\/nousavonsvendu.com\/en\/\" \/>\n<meta property=\"og:locale\" content=\"en_US\" \/>\n<meta property=\"og:type\" content=\"article\" \/>\n<meta property=\"og:title\" content=\"Home - Proprio Direct\" \/>\n<meta property=\"og:url\" content=\"https:\/\/nousavonsvendu.com\/en\/\" \/>\n<meta property=\"og:site_name\" content=\"Proprio Direct\" \/>\n<meta property=\"article:modified_time\" content=\"2023-09-01T11:39:04+00:00\" \/>\n<meta name=\"twitter:card\" content=\"summary_large_image\" \/>\n<script type=\"application\/ld+json\" class=\"yoast-schema-graph\">{\"@context\":\"https:\\\/\\\/schema.org\",\"@graph\":[{\"@type\":\"WebPage\",\"@id\":\"https:\\\/\\\/nousavonsvendu.com\\\/en\\\/\",\"url\":\"https:\\\/\\\/nousavonsvendu.com\\\/en\\\/\",\"name\":\"Home - Proprio Direct\",\"isPartOf\":{\"@id\":\"https:\\\/\\\/nousavonsvendu.com\\\/#website\"},\"primaryImageOfPage\":{\"@id\":\"https:\\\/\\\/nousavonsvendu.com\\\/en\\\/#primaryimage\"},\"image\":{\"@id\":\"https:\\\/\\\/nousavonsvendu.com\\\/en\\\/#primaryimage\"},\"thumbnailUrl\":\"https:\\\/\\\/nousavonsvendu.com\\\/wp-content\\\/uploads\\\/2025\\\/06\\\/2024-07-25-3.webp\",\"datePublished\":\"2021-12-24T12:23:45+00:00\",\"dateModified\":\"2023-09-01T11:39:04+00:00\",\"breadcrumb\":{\"@id\":\"https:\\\/\\\/nousavonsvendu.com\\\/en\\\/#breadcrumb\"},\"inLanguage\":\"en-US\",\"potentialAction\":[{\"@type\":\"ReadAction\",\"target\":[\"https:\\\/\\\/nousavonsvendu.com\\\/en\\\/\"]}]},{\"@type\":\"ImageObject\",\"inLanguage\":\"en-US\",\"@id\":\"https:\\\/\\\/nousavonsvendu.com\\\/en\\\/#primaryimage\",\"url\":\"https:\\\/\\\/nousavonsvendu.com\\\/wp-content\\\/uploads\\\/2025\\\/06\\\/2024-07-25-3.webp\",\"contentUrl\":\"https:\\\/\\\/nousavonsvendu.com\\\/wp-content\\\/uploads\\\/2025\\\/06\\\/2024-07-25-3.webp\",\"width\":1360,\"height\":1020,\"caption\":\"Courtiers immobiliers Laurentides \u2013 \u00c9quipe St\u00e9fany & Charles \u00e0 Sainte-Ad\u00e8le\"},{\"@type\":\"BreadcrumbList\",\"@id\":\"https:\\\/\\\/nousavonsvendu.com\\\/en\\\/#breadcrumb\",\"itemListElement\":[{\"@type\":\"ListItem\",\"position\":1,\"name\":\"Accueil\",\"item\":\"https:\\\/\\\/nousavonsvendu.com\\\/en\\\/\"},{\"@type\":\"ListItem\",\"position\":2,\"name\":\"Home\"}]},{\"@type\":\"WebSite\",\"@id\":\"https:\\\/\\\/nousavonsvendu.com\\\/#website\",\"url\":\"https:\\\/\\\/nousavonsvendu.com\\\/\",\"name\":\"Proprio Direct\",\"description\":\"\",\"potentialAction\":[{\"@type\":\"SearchAction\",\"target\":{\"@type\":\"EntryPoint\",\"urlTemplate\":\"https:\\\/\\\/nousavonsvendu.com\\\/?s={search_term_string}\"},\"query-input\":{\"@type\":\"PropertyValueSpecification\",\"valueRequired\":true,\"valueName\":\"search_term_string\"}}],\"inLanguage\":\"en-US\"}]}<\/script>\n<!-- \/ Yoast SEO plugin. -->","yoast_head_json":{"title":"Home - Proprio Direct","robots":{"index":"index","follow":"follow","max-snippet":"max-snippet:-1","max-image-preview":"max-image-preview:large","max-video-preview":"max-video-preview:-1"},"canonical":"https:\/\/nousavonsvendu.com\/en\/","og_locale":"en_US","og_type":"article","og_title":"Home - Proprio Direct","og_url":"https:\/\/nousavonsvendu.com\/en\/","og_site_name":"Proprio Direct","article_modified_time":"2023-09-01T11:39:04+00:00","twitter_card":"summary_large_image","schema":{"@context":"https:\/\/schema.org","@graph":[{"@type":"WebPage","@id":"https:\/\/nousavonsvendu.com\/en\/","url":"https:\/\/nousavonsvendu.com\/en\/","name":"Home - Proprio Direct","isPartOf":{"@id":"https:\/\/nousavonsvendu.com\/#website"},"primaryImageOfPage":{"@id":"https:\/\/nousavonsvendu.com\/en\/#primaryimage"},"image":{"@id":"https:\/\/nousavonsvendu.com\/en\/#primaryimage"},"thumbnailUrl":"https:\/\/nousavonsvendu.com\/wp-content\/uploads\/2025\/06\/2024-07-25-3.webp","datePublished":"2021-12-24T12:23:45+00:00","dateModified":"2023-09-01T11:39:04+00:00","breadcrumb":{"@id":"https:\/\/nousavonsvendu.com\/en\/#breadcrumb"},"inLanguage":"en-US","potentialAction":[{"@type":"ReadAction","target":["https:\/\/nousavonsvendu.com\/en\/"]}]},{"@type":"ImageObject","inLanguage":"en-US","@id":"https:\/\/nousavonsvendu.com\/en\/#primaryimage","url":"https:\/\/nousavonsvendu.com\/wp-content\/uploads\/2025\/06\/2024-07-25-3.webp","contentUrl":"https:\/\/nousavonsvendu.com\/wp-content\/uploads\/2025\/06\/2024-07-25-3.webp","width":1360,"height":1020,"caption":"Courtiers immobiliers Laurentides \u2013 \u00c9quipe St\u00e9fany & Charles \u00e0 Sainte-Ad\u00e8le"},{"@type":"BreadcrumbList","@id":"https:\/\/nousavonsvendu.com\/en\/#breadcrumb","itemListElement":[{"@type":"ListItem","position":1,"name":"Accueil","item":"https:\/\/nousavonsvendu.com\/en\/"},{"@type":"ListItem","position":2,"name":"Home"}]},{"@type":"WebSite","@id":"https:\/\/nousavonsvendu.com\/#website","url":"https:\/\/nousavonsvendu.com\/","name":"Proprio Direct","description":"","potentialAction":[{"@type":"SearchAction","target":{"@type":"EntryPoint","urlTemplate":"https:\/\/nousavonsvendu.com\/?s={search_term_string}"},"query-input":{"@type":"PropertyValueSpecification","valueRequired":true,"valueName":"search_term_string"}}],"inLanguage":"en-US"}]}},"meta_box":[],"_links":{"self":[{"href":"https:\/\/nousavonsvendu.com\/en\/wp-json\/wp\/v2\/pages\/1357","targetHints":{"allow":["GET"]}}],"collection":[{"href":"https:\/\/nousavonsvendu.com\/en\/wp-json\/wp\/v2\/pages"}],"about":[{"href":"https:\/\/nousavonsvendu.com\/en\/wp-json\/wp\/v2\/types\/page"}],"author":[{"embeddable":true,"href":"https:\/\/nousavonsvendu.com\/en\/wp-json\/wp\/v2\/users\/1"}],"replies":[{"embeddable":true,"href":"https:\/\/nousavonsvendu.com\/en\/wp-json\/wp\/v2\/comments?post=1357"}],"version-history":[{"count":4,"href":"https:\/\/nousavonsvendu.com\/en\/wp-json\/wp\/v2\/pages\/1357\/revisions"}],"predecessor-version":[{"id":30315,"href":"https:\/\/nousavonsvendu.com\/en\/wp-json\/wp\/v2\/pages\/1357\/revisions\/30315"}],"wp:featuredmedia":[{"embeddable":true,"href":"https:\/\/nousavonsvendu.com\/en\/wp-json\/wp\/v2\/media\/59386"}],"wp:attachment":[{"href":"https:\/\/nousavonsvendu.com\/en\/wp-json\/wp\/v2\/media?parent=1357"}],"curies":[{"name":"wp","href":"https:\/\/api.w.org\/{rel}","templated":true}]}}